{"id":376,"date":"2024-09-24T08:28:12","date_gmt":"2024-09-24T06:28:12","guid":{"rendered":"https:\/\/www.association-montessori-madagascar.com\/?page_id=376"},"modified":"2025-05-29T10:24:02","modified_gmt":"2025-05-29T08:24:02","slug":"formulaire_dadhesion","status":"publish","type":"page","link":"https:\/\/www.association-montessori-madagascar.com\/index.php\/formulaire_dadhesion\/","title":{"rendered":"Formulaire d&#8217;Adh\u00e9sion"},"content":{"rendered":"\t\t<div data-elementor-type=\"wp-page\" data-elementor-id=\"376\" class=\"elementor elementor-376\" data-elementor-post-type=\"page\">\n\t\t\t\t<div class=\"elementor-element elementor-element-da726e1 e-flex e-con-boxed e-con e-parent\" data-id=\"da726e1\" data-element_type=\"container\" data-e-type=\"container\">\n\t\t\t\t\t<div class=\"e-con-inner\">\n\t\t\t\t<div class=\"elementor-element elementor-element-9d1dcf4 elementor-widget elementor-widget-heading\" data-id=\"9d1dcf4\" data-element_type=\"widget\" data-e-type=\"widget\" data-widget_type=\"heading.default\">\n\t\t\t\t<div class=\"elementor-widget-container\">\n\t\t\t\t\t<h2 class=\"elementor-heading-title elementor-size-default\">Formulaire D'Adh\u00e9sion<\/h2>\t\t\t\t<\/div>\n\t\t\t\t<\/div>\n\t\t\t\t<div class=\"elementor-element elementor-element-153117c elementor-widget elementor-widget-text-editor\" data-id=\"153117c\" data-element_type=\"widget\" data-e-type=\"widget\" data-widget_type=\"text-editor.default\">\n\t\t\t\t<div class=\"elementor-widget-container\">\n\t\t\t\t\t\t\t\t\t<p>Il est important de vous rappeler que l\u2019association a pour but :<\/p>\n<ul>\n<li>De cr\u00e9er un mouvement d\u2019int\u00e9r\u00eat g\u00e9n\u00e9ral en faveur de la p\u00e9dagogie \u00e9labor\u00e9e par le Docteur Maria Montessori et de regrouper toutes les personnes partageant cet objectif.<\/li>\n<li>De soutenir toute institution qui s\u2019engage \u00e0 atteindre des crit\u00e8res de qualit\u00e9 pour l\u2019\u00e9ducation et mener toute action pour ce faire.<\/li>\n<li>D\u2019organiser des rencontres p\u00e9dagogiques, des r\u00e9unions, des expositions et des ateliers consistant \u00e0 faire des partages autour de la p\u00e9dagogie Montessori. &#8211; de traduire, partager et publier des ouvrages sur la p\u00e9dagogie Montessori.<\/li>\n<li>D\u2019encourager la formation \u00e0 la p\u00e9dagogie Montessori.<\/li>\n<li>De devenir une association affili\u00e9e de l\u2019AMI (Association Montessori Internationale) et d\u2019\u00eatre son ambassadeur \u00e0 Madagascar.<\/li>\n<\/ul>\n<p>La cotisation annuelle 2024 pour l&#8217;adh\u00e9sion est la suivante suivant votre situation :<\/p>\n<ul>\n<li>Parent d\u2019\u00e9l\u00e8ve Montessori : 25 000 Ar<\/li>\n<li>Professionnel \/ Sympathisant : 125 000 Ar<\/li>\n<\/ul>\n<p>Pour tout paiement par Orange Money, veuillez r\u00e9gler au num\u00e9ro suivant: 037 60 335 99 (Randriantsoa Jacqueline)<br><br>Vous trouverez ci-dessous le formulaire d&#8217;adh\u00e9sion pour nous rejoindre:<\/p>\t\t\t\t\t\t\t\t<\/div>\n\t\t\t\t<\/div>\n\t\t\t\t<div class=\"elementor-element elementor-element-3bf49ce elementor-button-align-center elementor-widget__width-inherit elementor-widget elementor-widget-form\" data-id=\"3bf49ce\" data-element_type=\"widget\" data-e-type=\"widget\" data-settings=\"{&quot;step_next_label&quot;:&quot;Next&quot;,&quot;step_previous_label&quot;:&quot;Previous&quot;,&quot;step_type&quot;:&quot;number_text&quot;,&quot;step_icon_shape&quot;:&quot;circle&quot;}\" data-widget_type=\"form.default\">\n\t\t\t\t<div class=\"elementor-widget-container\">\n\t\t\t\t\t\t\t<form class=\"elementor-form\" method=\"post\" name=\"New Form\" aria-label=\"New Form\">\n\t\t\t<input type=\"hidden\" name=\"post_id\" value=\"376\"\/>\n\t\t\t<input type=\"hidden\" name=\"form_id\" value=\"3bf49ce\"\/>\n\t\t\t<input type=\"hidden\" name=\"referer_title\" value=\"Formulaire d&#8217;Adh\u00e9sion\" \/>\n\n\t\t\t\t\t\t\t<input type=\"hidden\" name=\"queried_id\" value=\"376\"\/>\n\t\t\t\n\t\t\t<div class=\"elementor-form-fields-wrapper elementor-labels-above\">\n\t\t\t\t\t\t\t\t<div class=\"elementor-field-type-text elementor-field-group elementor-column elementor-field-group-name elementor-col-50 elementor-field-required elementor-mark-required\">\n\t\t\t\t\t\t\t\t\t\t\t\t<label for=\"form-field-name\" class=\"elementor-field-label\">\n\t\t\t\t\t\t\t\tNom\t\t\t\t\t\t\t<\/label>\n\t\t\t\t\t\t\t\t\t\t\t\t\t\t<input size=\"1\" type=\"text\" name=\"form_fields[name]\" id=\"form-field-name\" class=\"elementor-field elementor-size-md  elementor-field-textual\" placeholder=\"Nom\" required=\"required\">\n\t\t\t\t\t\t\t\t\t\t\t<\/div>\n\t\t\t\t\t\t\t\t<div class=\"elementor-field-type-text elementor-field-group elementor-column elementor-field-group-Prenom elementor-col-50 elementor-field-required elementor-mark-required\">\n\t\t\t\t\t\t\t\t\t\t\t\t<label for=\"form-field-Prenom\" class=\"elementor-field-label\">\n\t\t\t\t\t\t\t\tPr\u00e9nom\t\t\t\t\t\t\t<\/label>\n\t\t\t\t\t\t\t\t\t\t\t\t\t\t<input size=\"1\" type=\"text\" name=\"form_fields[Prenom]\" id=\"form-field-Prenom\" class=\"elementor-field elementor-size-md  elementor-field-textual\" placeholder=\"Pr\u00e9nom\" required=\"required\">\n\t\t\t\t\t\t\t\t\t\t\t<\/div>\n\t\t\t\t\t\t\t\t<div class=\"elementor-field-type-text elementor-field-group elementor-column elementor-field-group-adresse elementor-col-100 elementor-field-required elementor-mark-required\">\n\t\t\t\t\t\t\t\t\t\t\t\t<label for=\"form-field-adresse\" class=\"elementor-field-label\">\n\t\t\t\t\t\t\t\tAdresse\t\t\t\t\t\t\t<\/label>\n\t\t\t\t\t\t\t\t\t\t\t\t\t\t<input size=\"1\" type=\"text\" name=\"form_fields[adresse]\" id=\"form-field-adresse\" class=\"elementor-field elementor-size-md  elementor-field-textual\" placeholder=\"Adress\" required=\"required\">\n\t\t\t\t\t\t\t\t\t\t\t<\/div>\n\t\t\t\t\t\t\t\t<div class=\"elementor-field-type-text elementor-field-group elementor-column elementor-field-group-code_postal elementor-col-50 elementor-field-required elementor-mark-required\">\n\t\t\t\t\t\t\t\t\t\t\t\t<label for=\"form-field-code_postal\" class=\"elementor-field-label\">\n\t\t\t\t\t\t\t\tCode Postal\t\t\t\t\t\t\t<\/label>\n\t\t\t\t\t\t\t\t\t\t\t\t\t\t<input size=\"1\" type=\"text\" name=\"form_fields[code_postal]\" id=\"form-field-code_postal\" class=\"elementor-field elementor-size-md  elementor-field-textual\" placeholder=\"Code Postal\" required=\"required\">\n\t\t\t\t\t\t\t\t\t\t\t<\/div>\n\t\t\t\t\t\t\t\t<div class=\"elementor-field-type-text elementor-field-group elementor-column elementor-field-group-ville elementor-col-50 elementor-field-required elementor-mark-required\">\n\t\t\t\t\t\t\t\t\t\t\t\t<label for=\"form-field-ville\" class=\"elementor-field-label\">\n\t\t\t\t\t\t\t\tVille\t\t\t\t\t\t\t<\/label>\n\t\t\t\t\t\t\t\t\t\t\t\t\t\t<input size=\"1\" type=\"text\" name=\"form_fields[ville]\" id=\"form-field-ville\" class=\"elementor-field elementor-size-md  elementor-field-textual\" placeholder=\"Ville\" required=\"required\">\n\t\t\t\t\t\t\t\t\t\t\t<\/div>\n\t\t\t\t\t\t\t\t<div class=\"elementor-field-type-text elementor-field-group elementor-column elementor-field-group-pays elementor-col-50 elementor-field-required elementor-mark-required\">\n\t\t\t\t\t\t\t\t\t\t\t\t<label for=\"form-field-pays\" class=\"elementor-field-label\">\n\t\t\t\t\t\t\t\tPays\t\t\t\t\t\t\t<\/label>\n\t\t\t\t\t\t\t\t\t\t\t\t\t\t<input size=\"1\" type=\"text\" name=\"form_fields[pays]\" id=\"form-field-pays\" class=\"elementor-field elementor-size-md  elementor-field-textual\" placeholder=\"Pays\" required=\"required\">\n\t\t\t\t\t\t\t\t\t\t\t<\/div>\n\t\t\t\t\t\t\t\t<div class=\"elementor-field-type-tel elementor-field-group elementor-column elementor-field-group-telephone elementor-col-50 elementor-field-required elementor-mark-required\">\n\t\t\t\t\t\t\t\t\t\t\t\t<label for=\"form-field-telephone\" class=\"elementor-field-label\">\n\t\t\t\t\t\t\t\tNum\u00e9ro de T\u00e9l\u00e9phone\t\t\t\t\t\t\t<\/label>\n\t\t\t\t\t\t\t\t<input size=\"1\" type=\"tel\" name=\"form_fields[telephone]\" id=\"form-field-telephone\" class=\"elementor-field elementor-size-md  elementor-field-textual\" placeholder=\"Num\u00e9ro de T\u00e9l\u00e9phone\" required=\"required\" pattern=\"[0-9()#&amp;+*-=.]+\" title=\"Only numbers and phone characters (#, -, *, etc) are accepted.\">\n\n\t\t\t\t\t\t<\/div>\n\t\t\t\t\t\t\t\t<div class=\"elementor-field-type-email elementor-field-group elementor-column elementor-field-group-email elementor-col-100 elementor-field-required elementor-mark-required\">\n\t\t\t\t\t\t\t\t\t\t\t\t<label for=\"form-field-email\" class=\"elementor-field-label\">\n\t\t\t\t\t\t\t\tEmail\t\t\t\t\t\t\t<\/label>\n\t\t\t\t\t\t\t\t\t\t\t\t\t\t<input size=\"1\" type=\"email\" name=\"form_fields[email]\" id=\"form-field-email\" class=\"elementor-field elementor-size-md  elementor-field-textual\" placeholder=\"Email\" required=\"required\">\n\t\t\t\t\t\t\t\t\t\t\t<\/div>\n\t\t\t\t\t\t\t\t<div class=\"elementor-field-type-checkbox elementor-field-group elementor-column elementor-field-group-Statut elementor-col-100\">\n\t\t\t\t\t\t\t\t\t\t\t\t<label for=\"form-field-Statut\" class=\"elementor-field-label\">\n\t\t\t\t\t\t\t\tStatut\t\t\t\t\t\t\t<\/label>\n\t\t\t\t\t\t<div class=\"elementor-field-subgroup  \"><span class=\"elementor-field-option\"><input type=\"checkbox\" value=\"Parent d&#039;\u00e9l\u00e8ve Montessori\" id=\"form-field-Statut-0\" name=\"form_fields[Statut][]\"> <label for=\"form-field-Statut-0\">Parent d'\u00e9l\u00e8ve Montessori<\/label><\/span><span class=\"elementor-field-option\"><input type=\"checkbox\" value=\"Professionnel\" id=\"form-field-Statut-1\" name=\"form_fields[Statut][]\"> <label for=\"form-field-Statut-1\">Professionnel<\/label><\/span><span class=\"elementor-field-option\"><input type=\"checkbox\" value=\"Sympathisant\" id=\"form-field-Statut-2\" name=\"form_fields[Statut][]\"> <label for=\"form-field-Statut-2\">Sympathisant<\/label><\/span><\/div>\t\t\t\t<\/div>\n\t\t\t\t\t\t\t\t<div class=\"elementor-field-group elementor-column elementor-field-type-submit elementor-col-100 e-form__buttons\">\n\t\t\t\t\t<button class=\"elementor-button elementor-size-sm\" type=\"submit\">\n\t\t\t\t\t\t<span class=\"elementor-button-content-wrapper\">\n\t\t\t\t\t\t\t\t\t\t\t\t\t\t\t\t\t\t\t\t\t\t<span class=\"elementor-button-text\">Send<\/span>\n\t\t\t\t\t\t\t\t\t\t\t\t\t<\/span>\n\t\t\t\t\t<\/button>\n\t\t\t\t<\/div>\n\t\t\t<\/div>\n\t\t<\/form>\n\t\t\t\t\t\t<\/div>\n\t\t\t\t<\/div>\n\t\t\t\t\t<\/div>\n\t\t\t\t<\/div>\n\t\t\t\t<\/div>\n\t\t","protected":false},"excerpt":{"rendered":"<p>Formulaire D&#8217;Adh\u00e9sion Il est important de vous rappeler que l\u2019association a pour but : De cr\u00e9er un mouvement d\u2019int\u00e9r\u00eat g\u00e9n\u00e9ral en faveur de la p\u00e9dagogie \u00e9labor\u00e9e par le Docteur Maria Montessori et de regrouper toutes les personnes partageant cet objectif. De soutenir toute institution qui s\u2019engage \u00e0 atteindre des crit\u00e8res de qualit\u00e9 pour l\u2019\u00e9ducation et [&hellip;]<\/p>\n","protected":false},"author":1,"featured_media":0,"parent":0,"menu_order":0,"comment_status":"closed","ping_status":"closed","template":"","meta":{"footnotes":""},"class_list":["post-376","page","type-page","status-publish","hentry"],"_links":{"self":[{"href":"https:\/\/www.association-montessori-madagascar.com\/index.php\/wp-json\/wp\/v2\/pages\/376","targetHints":{"allow":["GET"]}}],"collection":[{"href":"https:\/\/www.association-montessori-madagascar.com\/index.php\/wp-json\/wp\/v2\/pages"}],"about":[{"href":"https:\/\/www.association-montessori-madagascar.com\/index.php\/wp-json\/wp\/v2\/types\/page"}],"author":[{"embeddable":true,"href":"https:\/\/www.association-montessori-madagascar.com\/index.php\/wp-json\/wp\/v2\/users\/1"}],"replies":[{"embeddable":true,"href":"https:\/\/www.association-montessori-madagascar.com\/index.php\/wp-json\/wp\/v2\/comments?post=376"}],"version-history":[{"count":26,"href":"https:\/\/www.association-montessori-madagascar.com\/index.php\/wp-json\/wp\/v2\/pages\/376\/revisions"}],"predecessor-version":[{"id":500,"href":"https:\/\/www.association-montessori-madagascar.com\/index.php\/wp-json\/wp\/v2\/pages\/376\/revisions\/500"}],"wp:attachment":[{"href":"https:\/\/www.association-montessori-madagascar.com\/index.php\/wp-json\/wp\/v2\/media?parent=376"}],"curies":[{"name":"wp","href":"https:\/\/api.w.org\/{rel}","templated":true}]}}